{"id":9,"date":"2024-05-29T18:47:06","date_gmt":"2024-05-29T16:47:06","guid":{"rendered":"http:\/\/bluestrike.xyz\/?page_id=9"},"modified":"2024-05-29T18:47:06","modified_gmt":"2024-05-29T16:47:06","slug":"regelwerk","status":"publish","type":"page","link":"https:\/\/bluestrike.xyz\/index.php\/regelwerk\/","title":{"rendered":"Regelwerk"},"content":{"rendered":"\n<p><em>\u00a7 1 Allgemein<\/em><\/p>\n\n\n\n<ul class=\"wp-block-list\">\n<li>Die wichtigste Regel gleich zu Anfang: Sei kein Idiot! Benutze deinen Verstand und behandle andere so, wie du behandelt werden m\u00f6chtest.<\/li>\n<\/ul>\n\n\n\n<ul class=\"wp-block-list\">\n<li>Euer Leben ist das h\u00f6chste Gut, welches ihr sch\u00fctzen sollt: Handelt dementsprechend.<\/li>\n<\/ul>\n\n\n\n<ul class=\"wp-block-list\">\n<li>Rassismus, sexuelle Bel\u00e4stigung, Kannibalismus, Satanismus sowie Vergewaltigungs-RP sind verboten.<\/li>\n<\/ul>\n\n\n\n<ul class=\"wp-block-list\">\n<li>Beleidigungen sind im RP gestattet. Sollten Beleidigungen jedoch OOC verwendet werden, kann dies zu einem Ausschluss f\u00fchren. Dies gilt ebenfalls f\u00fcr permanentes Beleidigen IC.\u00a0\u00a0<\/li>\n<\/ul>\n\n\n\n<ul class=\"wp-block-list\">\n<li>Das Ausnutzen von L\u00fccken im Regelwerk f\u00fchrt zu einem Support Gespr\u00e4ch und kann zum sofortigen Projekt Bann f\u00fchren.<\/li>\n<\/ul>\n\n\n\n<ul class=\"wp-block-list\">\n<li>Das Ausnutzen von Bugs, Glitches oder die Nutzung von Hacks, Cheats oder \u00e4hnlicher Software ist verboten.<\/li>\n<\/ul>\n\n\n\n<ul class=\"wp-block-list\">\n<li>Im RP darf nicht OOC geredet werden.<\/li>\n<\/ul>\n\n\n\n<ul class=\"wp-block-list\">\n<li>Ebenso sind Formulierungen wie z.B. \u201cJetzt mal kurz OOC\u201d,\u00a0 \u201cBin gerade Support\/Suppenk\u00fcche\u201d oder \u201cJetzt mal ganz kurz&#8221;. &#8220;Das ist Fail RP! Wei\u00dft du das?\u201d verboten.<\/li>\n<\/ul>\n\n\n\n<ul class=\"wp-block-list\">\n<li>Das Vorspielen eines AFK Zustandes ist verboten.<\/li>\n<\/ul>\n\n\n\n<ul class=\"wp-block-list\">\n<li>Das Beleidigen IC ist insofern erlaubt, sofern die Beleidigungen nicht ausarten, sollten die Beleidigungen OOC oder ernst werden, kann dies zum Ausschluss f\u00fchren.<\/li>\n<\/ul>\n\n\n\n<p><em>\u00a7 2 RolePlay<\/em><\/p>\n\n\n\n<ul class=\"wp-block-list\">\n<li>Das Baiten eines Polizeibeamten ist untersagt! Darunter versteht man z.B. extra weg rammen ohne jeglichen Hintergrund oder zum Beispiel das st\u00e4ndige Vorbeifahren an dem PD oder durch die Garage.\u00a0<\/li>\n<\/ul>\n\n\n\n<ul class=\"wp-block-list\">\n<li>Leichensch\u00e4ndung ist verboten! Jedoch ist es in einem gewissen Rahmen erlaubt, solange die Leichen nicht bespuckt, getreten, beschossen oder wiederholt stark beleidigt werden. Das bewusste Verstecken einer Leiche ist verboten.<\/li>\n<\/ul>\n\n\n\n<ul class=\"wp-block-list\">\n<li>Bei einer Geiselnahme, unabh\u00e4ngig davon, wie viele Geiseln man hat, ist die Forderung realistisch zu gestalten. (Max. 50.000 $ pro Geisel). Zudem darf nur eine Polizei Geisel genommen werden, sofern die Anforderungen f\u00fcr die Anzahl an Beamten f\u00fcr den Raub gegeben ist.<\/li>\n<\/ul>\n\n\n\n<ul class=\"wp-block-list\">\n<li>Wenn man eine Person \u00fcberf\u00e4llt, darf man ihm alles entnehmen, bisauf Bargeld (Schwarzgeld ist erlaubt),\u00a0 Essen und Trinken.\u00a0<\/li>\n<\/ul>\n\n\n\n<ul class=\"wp-block-list\">\n<li>Das Tragen von Helmen, welche Kugeln aushalten, ist verboten!<\/li>\n<\/ul>\n\n\n\n<p>\u00a7 3 Gruppierungen<\/p>\n\n\n\n<ul class=\"wp-block-list\">\n<li>Zivilisten d\u00fcrfen nur mit 5 Leuten agieren, diese m\u00fcssen aber gleich gekleidet sein oder mindestens 3 gleiche Kleidung Merkmale tragen.<\/li>\n<\/ul>\n\n\n\n<ul class=\"wp-block-list\">\n<li>Das Durchsuchen sowie Fesseln muss mit Ank\u00fcndigung erfolgen.<\/li>\n<\/ul>\n\n\n\n<ul class=\"wp-block-list\">\n<li>Man darf keine Personen in Handschellen erschie\u00dfen\/hinrichten.\u00a0<\/li>\n<\/ul>\n\n\n\n<p>\u00a7 4 RDM\/VDM&nbsp;<\/p>\n\n\n\n<ul class=\"wp-block-list\">\n<li>RDM (Random Death Match). Jemanden grundlos, ohne Roleplay Hintergrund und ohne Schuss Ank\u00fcndigung zu t\u00f6ten (bewusstlos zu schie\u00dfen\/schlagen (etc.) ist verboten. Es muss vorher RP gespielt werden und der Grund muss sinnvoll sein. Dinge wie leichtere Beleidigungen oder Angefahren werden sind keine Gr\u00fcnde, an jemanden Gewalt auszu\u00fcben.\u00a0\u00a0<\/li>\n<\/ul>\n\n\n\n<ul class=\"wp-block-list\">\n<li>VDM (Vehicle DeathMatch). Jemanden grundlos, ohne Roleplay Hintergrund und ohne Ank\u00fcndigung zu \u00fcberfahren (bewusstlos zu machen) ist verboten.\u00a0<\/li>\n<\/ul>\n\n\n\n<ul class=\"wp-block-list\">\n<li>Sollte sich jemand vor einem Fahrzeug befinden und dem Fahrer mit einer Waffe drohen, darf der Fahrer ihn nicht anfahren\u00a0 und einfach wegfahren. Dies wird ebenfalls als VDM gewertet.<\/li>\n<\/ul>\n\n\n\n<p>\u00a7 5 Schuss Call<\/p>\n\n\n\n<ul class=\"wp-block-list\">\n<li>Eine Schuss Ank\u00fcndigung gilt f\u00fcr die laufende RP Situation und muss danach neu ausgesprochen werden. (Ein Schuss Call ist f\u00fcr 15 Minuten g\u00fcltig)<\/li>\n<\/ul>\n\n\n\n<ul class=\"wp-block-list\">\n<li>Eine Schuss Ank\u00fcndigung muss dem Gegen\u00fcber ganz klar zeigen, dass er \u201eget\u00f6tet\u201c werden kann, wenn er sich nicht anders verh\u00e4lt oder einer evtl. Forderung nachkommt. Der Support wird letztendlich im Streitfall entscheiden, ob die Schuss-Ank\u00fcndigung g\u00fcltig ist. (5 Sekunden Reaktionszeit)<\/li>\n<\/ul>\n\n\n\n<ul class=\"wp-block-list\">\n<li>Schusscalls \u00fcber Twitter oder Chat sind nicht g\u00fcltig. Eine Sperrzone des LSPD&#8217;s gilt f\u00fcr\u00a0 die Beamten als automatischer Schusscall.<\/li>\n<\/ul>\n\n\n\n<ul class=\"wp-block-list\">\n<li>Wenn man unbefugt auf einem kenntlich gemachten Grundst\u00fcck ist, d\u00fcrfen einen die Besitzer ohne Vorwarnung erschie\u00dfen (Gang Hoods; Mafia Anwesen mit Kartenmarkierungen).<\/li>\n<\/ul>\n\n\n\n<ul class=\"wp-block-list\">\n<li>Sollte jemanden Besitz entwendet werden, muss trotzdem ein Schuss Call ausgesprochen werden, das gilt ebenso, wenn einem das Fahrzeug entwendet wird.<\/li>\n<\/ul>\n\n\n\n<p>\u00a7 6 New-Life Regeln<\/p>\n\n\n\n<ul class=\"wp-block-list\">\n<li>Wenn ein Spieler im Krankenhaus aufwacht, vergisst er alles \u00fcber die RP Situation der letzten 30 Minuten. Sollte sich eine zusammenh\u00e4ngende Situation \u00fcber eine halbe Stunde hinweg ziehen, muss diese ebenfalls vergessen werden. (Beispiel: 50 Minuten Geiselnahme bei der man am Ende stirbt)\u00a0\u00a0<\/li>\n<\/ul>\n\n\n\n<ul class=\"wp-block-list\">\n<li>Informationen, die ihr w\u00e4hrend der Bewusstlosigkeit erfahren, d\u00fcrfen nicht verwendet werden.\u00a0<\/li>\n<\/ul>\n\n\n\n<ul class=\"wp-block-list\">\n<li>Wenn ihr bewusstlos seid, d\u00fcrft ihr nicht reden.\u00a0<\/li>\n<\/ul>\n\n\n\n<ul class=\"wp-block-list\">\n<li>Solltet ihr von einem Medic aus der bewusstlosen Phase geholt werden, k\u00f6nnt ihr euch je nach Unfallart entsprechend an den Unfallhergang oder an Situationen, die weiter vor dem Unfallgeschehen waren, erinnern.<\/li>\n<\/ul>\n\n\n\n<ul class=\"wp-block-list\">\n<li>Nachdem man von einem Medic wiederbelebt wurde, darf man die n\u00e4chsten 15 Minuten nicht mehr an der RP Situation aktiv teilnehmen (Bsp: Schussgefecht). Ebenso steht diese Person 5 Minuten unter Schutz. Wenn die Person jedoch absichtlich oder unabsichtlich provoziert, z.B. Wiederbelebte Person rennt im Gefecht rum -> wird erschossen \/ Wiederbelebte Person will in Deckung, ist jedoch im Schussfeld der Angreifer -> wird erschossen, gilt dieser Schutz nicht mehr.\u00a0<\/li>\n<\/ul>\n\n\n\n<p>\u00a7 7 Fail RP<\/p>\n\n\n\n<ul class=\"wp-block-list\">\n<li>Als Fail RP z\u00e4hlen wir s\u00e4mtliche unrealistischen Aktionen und Verhalten.\u00a0<\/li>\n<\/ul>\n\n\n\n<ul class=\"wp-block-list\">\n<li>Sollte der Charakter gefesselt sein, sind s\u00e4mtliche Aktionen, die mit H\u00e4nden ausgef\u00fchrt werden (essen, trinken, telefonieren, klettern, schwimmen, usw.) nicht m\u00f6glich und werden als FailRP gewertet. Dies gilt auch, wenn ihr nicht darauf eingeht, dass ihr mit den Fesseln oder Handschellen irgendwohin gef\u00fchrt werdet. Auch dies wird als Fail RP gewertet. Wenn ihr eine Person fesselt, muss es von hinten gemacht werden.\u00a0<\/li>\n<\/ul>\n\n\n\n<p>\u00a7 8 Metagaming&nbsp;<\/p>\n\n\n\n<ul class=\"wp-block-list\">\n<li>Metagaming (Nutzen von Informationen, die ihr nicht im Ingame erfahren habt), f\u00fchrt zu einem Support Gespr\u00e4ch und kann zum Bann f\u00fchren. (Darunter z\u00e4hlen ebenfalls das Nutzen von Informationen aus Streams, Videos usw.)<\/li>\n<\/ul>\n\n\n\n<p>\u00a7 9 Streamen und Aufzeichnen&nbsp;<\/p>\n\n\n\n<ul class=\"wp-block-list\">\n<li>Das Streamen ist erlaubt\/erw\u00fcnscht.\u00a0<\/li>\n<\/ul>\n\n\n\n<ul class=\"wp-block-list\">\n<li>Im Stream Titel muss BlueStrike stehen.<\/li>\n<\/ul>\n\n\n\n<ul class=\"wp-block-list\">\n<li>Der Streamer vertritt den RP-Server nach au\u00dfen und hat sich dementsprechend zu verhalten.\u00a0<\/li>\n<\/ul>\n\n\n\n<ul class=\"wp-block-list\">\n<li>Ihr erkl\u00e4rt euch mit dem Betreten des Servers f\u00fcr einverstanden, dass eure Stimme aufgezeichnet werden k\u00f6nnte.<\/li>\n<\/ul>\n\n\n\n<ul class=\"wp-block-list\">\n<li>Das Aufzeichnen von Support Gespr\u00e4chen, sowie generellen Discord Gespr\u00e4chen des Teams ist untersagt.<\/li>\n<\/ul>\n\n\n\n<p>\u00a7 10 Power RP&nbsp;<\/p>\n\n\n\n<ul class=\"wp-block-list\">\n<li>Power RP bezeichnet s\u00e4mtliche Handlungen eines Spielers, welcher der Gegenpartei keinerlei M\u00f6glichkeit gibt, aus einer Situation zu entkommen und ist verboten.\u00a0<\/li>\n<\/ul>\n\n\n\n<ul class=\"wp-block-list\">\n<li>Durch direkte Bedrohung jemanden zur Konto Auszahlung zu zwingen, ist nicht gestattet.<\/li>\n<\/ul>\n\n\n\n<ul class=\"wp-block-list\">\n<li>Darunter z\u00e4hlen auch RP Aspekte, wie das Ausdenken nicht vorhandener Gegenst\u00e4nde oder Aktionen, die jemanden nur einen Ausweg geben, z.B. das Abschneiden der Beine, H\u00e4nde etc.<\/li>\n<\/ul>\n\n\n\n<p>\u00a7 11 \u00dcberf\u00e4lle<\/p>\n\n\n\n<ul class=\"wp-block-list\">\n<li>Ladenraub ab 2 Cops im Dienst.<\/li>\n<\/ul>\n\n\n\n<ul class=\"wp-block-list\">\n<li>Juwelier ab 2 Cops im Dienst.<\/li>\n<\/ul>\n\n\n\n<ul class=\"wp-block-list\">\n<li>Staatsbank ab 3 Cops im Dienst.<\/li>\n<\/ul>\n\n\n\n<ul class=\"wp-block-list\">\n<li>\u00dcberf\u00e4lle d\u00fcrfen von einer Fraktion nur jede Stunde durchgef\u00fchrt werden.<\/li>\n<\/ul>\n\n\n\n<ul class=\"wp-block-list\">\n<li>Wenn man einen \u00dcberfall macht, muss man mindestens 5 Minuten am \u00dcberfall Ort sein, nachdem der \u00dcberfall gestartet wurde.<br><br><br><\/li>\n<\/ul>\n\n\n\n<p>\u00a7 12 Polizei<\/p>\n\n\n\n<ul class=\"wp-block-list\">\n<li>Sie d\u00fcrfen eine Person ebenfalls fesseln, wenn sie am Boden liegt (getasert). Hierbei wird kein Call zum Festnehmen ben\u00f6tigt.<\/li>\n<\/ul>\n\n\n\n<ul class=\"wp-block-list\">\n<li>Das unn\u00f6tige Tasern ist untersagt und z\u00e4hlt als Fail-RP und kann zum Ausschluss vom PD f\u00fchren.<\/li>\n<\/ul>\n\n\n\n<ul class=\"wp-block-list\">\n<li>Nach mehreren Aufforderung stehen zu bleiben, d\u00fcrfen die Cops ohne Schusscall auf die Reifen schie\u00dfen. Dies gilt auch, wenn ein Fahrzeug offensichtlich fl\u00fcchtet.<\/li>\n<\/ul>\n\n\n\n<ul class=\"wp-block-list\">\n<li>Bei der Flucht eines \u00dcberfalls d\u00fcrfen die Cops auf die Reifen schie\u00dfen.<\/li>\n<\/ul>\n\n\n\n<ul class=\"wp-block-list\">\n<li>Cops d\u00fcrfen keine Waffen bei sich tragen, wenn sie au\u00dfer Dienst sind.<\/li>\n<\/ul>\n\n\n\n<ul class=\"wp-block-list\">\n<li>Cops m\u00fcssen die Dienstfahrzeuge benutzen und die Dienstkleidung tragen. Diese Dienstfahrzeuge d\u00fcrfen nicht gestohlen werden [Wenn kein Grund vorliegt]. Das Verkleiden als Cops oder\u00a0 ist ebenso untersagt.\u00a0<\/li>\n<\/ul>\n\n\n\n<ul class=\"wp-block-list\">\n<li>PD Beamten ist es untersagt, Kleidung von Fraktionen zu tragen<\/li>\n<\/ul>\n\n\n\n<ul class=\"wp-block-list\">\n<li>Zu den Staatswaffen z\u00e4hlen: Kampfpistole, Karabiner, Spezialkarabiner, Taser und Schlagstock, SMG. Diese Waffen d\u00fcrfen nicht entnommen werden, alle anderen Waffen jedoch schon.<\/li>\n<\/ul>\n\n\n\n<ul class=\"wp-block-list\">\n<li>Es ist verboten, sich ohne triftigen Grund sich einer Verkehrskontrolle zu entziehen. Zuwiderhandlung kann zu einem Warn f\u00fchren!<\/li>\n<\/ul>\n\n\n\n<p>\u00a7 13 Combat Logging<\/p>\n\n\n\n<ul class=\"wp-block-list\">\n<li>Ausloggen von einer RP-Situation ist strengstens verboten. Sollte es einen technischen Defekt gegeben haben, sollte man sich direkt wieder einloggen.<\/li>\n<\/ul>\n\n\n\n<ul class=\"wp-block-list\">\n<li>Das Ausloggen bei der Bewusstlosigkeit ist untersagt.<\/li>\n<\/ul>\n\n\n\n<p>\u00a7 14 Safezone<\/p>\n\n\n\n<ul class=\"wp-block-list\">\n<li>Zu den Safezonen z\u00e4hlen:\u00a0<\/li>\n\n\n\n<li>LSMD<\/li>\n\n\n\n<li>LSPD<\/li>\n\n\n\n<li>W\u00fcrfelpark<\/li>\n\n\n\n<li>Fahrschule\u00a0<\/li>\n\n\n\n<li>Flughafen<\/li>\n\n\n\n<li>\u00a0Kleidungsl\u00e4den \/ Friseur\u00a0<\/li>\n\n\n\n<li>Tuner<\/li>\n\n\n\n<li>Eventlocations\u00a0<\/li>\n\n\n\n<li>\u00a0Alle legalen Routen und Verk\u00e4ufer.<\/li>\n<\/ul>\n\n\n\n<ul class=\"wp-block-list\">\n<li>Das Fl\u00fcchten in eine Safezone beendet den Status einer gesicherten Zone.<\/li>\n<\/ul>\n\n\n\n<ul class=\"wp-block-list\">\n<li>Sollte in einer Safezone extra provoziert \/ gedroht werden, wird f\u00fcr die betroffene Partei der Schutz aufgel\u00f6st.<\/li>\n<\/ul>\n\n\n\n<p>\u00a7 15 Fahrzeuge<\/p>\n\n\n\n<ul class=\"wp-block-list\">\n<li>Das Offroad-Fahren ist nur mit Gel\u00e4ndewagen, SUVs und Motorr\u00e4dern erlaubt.<\/li>\n<\/ul>\n\n\n\n<ul class=\"wp-block-list\">\n<li>Man darf nicht mit zwei geplatzten Reifen fahren.<\/li>\n<\/ul>\n\n\n\n<ul class=\"wp-block-list\">\n<li>Nachdem man sich \u00fcberschlagen hat, muss man stehen bleiben und das Auto reparieren, um weiterfahren zu k\u00f6nnen.\u00a0\u00a0<\/li>\n<\/ul>\n\n\n\n<p>\u00a7 16 Mediziner<\/p>\n\n\n\n<ul class=\"wp-block-list\">\n<li>Medics d\u00fcrfen keine Waffen au\u00dfer [Tazer] bei sich tragen.<\/li>\n<\/ul>\n\n\n\n<ul class=\"wp-block-list\">\n<li>Medics sind unbelangbar, sofern kein Hintergrund gegeben ist oder sie ihre Immunit\u00e4t ausnutzen.<\/li>\n<\/ul>\n\n\n\n<ul class=\"wp-block-list\">\n<li>Medics d\u00fcrfen nicht in einem aktiven Schussgefecht wiederbeleben.\u00a0<\/li>\n<\/ul>\n\n\n\n<ul class=\"wp-block-list\">\n<li>\u00a0Die Gewinner-Partei eines Gefechts darf entscheiden, wer zuerst hochgeholt wird.<\/li>\n<\/ul>\n\n\n\n<ul class=\"wp-block-list\">\n<li>Medics d\u00fcrfen entscheiden, ob jemand verstorben ist oder noch zu retten ist.<\/li>\n<\/ul>\n\n\n\n<ul class=\"wp-block-list\">\n<li>Medics m\u00fcssen die vorgegebenen Fahrzeuge benutzen und als Medic erkenntlich sein. Die Fahrzeuge d\u00fcrfen nicht gestohlen werden.<\/li>\n<\/ul>\n\n\n\n<ul class=\"wp-block-list\">\n<li>Medic RP muss mitgespielt werden.<\/li>\n<\/ul>\n\n\n\n<ul class=\"wp-block-list\">\n<li>Wenn der Medic der Meinung ist, dass eine Operation etc. notwendig ist, muss diese erfolgen.<\/li>\n<\/ul>\n\n\n\n<p>\u00a7 17 Sperrzonen<\/p>\n\n\n\n<ul class=\"wp-block-list\">\n<li>Sperrzonen sind abgesicherte Bereiche, in denen die Staatsfraktionen keinen Schuss Call brauchen und einen jederzeit festnehmen k\u00f6nnen oder schiessen k\u00f6nnen.<\/li>\n<\/ul>\n\n\n\n<ul class=\"wp-block-list\">\n<li>Diese k\u00f6nnen nur von der Polizei ausgerufen werden.\u00a0<\/li>\n<\/ul>\n\n\n\n<ul class=\"wp-block-list\">\n<li>Feste und durchg\u00e4ngig aktive Sperrzonen sind: Vinewood PD, Milit\u00e4rgel\u00e4nde, Staatsgef\u00e4ngnis.<\/li>\n<\/ul>\n\n\n\n<p>\u00a7 18 Support<\/p>\n\n\n\n<ul class=\"wp-block-list\">\n<li>Erstattungen, Beschwerden und Meldungen \u00fcber einen Regelversto\u00df werden nur mit Beweisen akzeptiert. Also stets die Aufnahme laufen lassen.<\/li>\n<\/ul>\n\n\n\n<ul class=\"wp-block-list\">\n<li>Beschwerden und Meldungen \u00fcber einen Regelversto\u00df werden nur von Spielern zugelassen, die an der Situation beteiligt waren, au\u00dfer bei: RDM, VDM, Bugusing oder Metagaming.\u00a0<\/li>\n<\/ul>\n\n\n\n<ul class=\"wp-block-list\">\n<li>Im besten Fall nehmt ihr euer RP auf und speichert es f\u00fcr 48 Std. auf dem PC. Ihr k\u00f6nnt bei einem Support Fall mit einem Beweisvideo euren Standpunkt besser vertreten.\u00a0<\/li>\n<\/ul>\n\n\n\n<ul class=\"wp-block-list\">\n<li>Ein Support Fall muss innerhalb 48 Std, dem Support gemeldet werden.\u00a0<\/li>\n<\/ul>\n\n\n\n<ul class=\"wp-block-list\">\n<li>Unwissenheit sch\u00fctzt nicht vor Strafe.\u00a0<\/li>\n<\/ul>\n\n\n\n<ul class=\"wp-block-list\">\n<li>Die Regelwerke \u00c4nderungen sind nach 10 Minuten g\u00fcltig.<\/li>\n<\/ul>\n\n\n\n<p>\u00a7 19 Charakter<\/p>\n\n\n\n<ul class=\"wp-block-list\">\n<li>Es d\u00fcrfen maximal 2 Charakter erstellt werden<\/li>\n\n\n\n<li>Die Charaktere handeln absolut unabh\u00e4ngig voneinander<\/li>\n\n\n\n<li>Sollte man Informationen von Charakter A zum Vorteil f\u00fcr Charakter B\u00a0 benutzen f\u00fchrt dies zum Permanenten Ausschluss des Projekts, da dies mit zur Korruption z\u00e4hlt.<\/li>\n<\/ul>\n","protected":false},"excerpt":{"rendered":"<p>\u00a7 1 Allgemein \u00a7 2 RolePlay \u00a7 3 Gruppierungen \u00a7 4 RDM\/VDM&nbsp; \u00a7 5 Schuss Call \u00a7 6 New-Life Regeln \u00a7 7 Fail RP \u00a7 8 Metagaming&nbsp; \u00a7 9 Streamen und Aufzeichnen&nbsp; \u00a7 10 Power RP&nbsp; \u00a7 11 \u00dcberf\u00e4lle \u00a7 12 Polizei \u00a7 13 Combat Logging \u00a7 14 Safezone \u00a7 15 Fahrzeuge \u00a7 16 Mediziner [&hellip;]<\/p>\n","protected":false},"author":1,"featured_media":0,"parent":0,"menu_order":0,"comment_status":"closed","ping_status":"closed","template":"","meta":{"footnotes":""},"class_list":["post-9","page","type-page","status-publish","hentry"],"_links":{"self":[{"href":"https:\/\/bluestrike.xyz\/index.php\/wp-json\/wp\/v2\/pages\/9","targetHints":{"allow":["GET"]}}],"collection":[{"href":"https:\/\/bluestrike.xyz\/index.php\/wp-json\/wp\/v2\/pages"}],"about":[{"href":"https:\/\/bluestrike.xyz\/index.php\/wp-json\/wp\/v2\/types\/page"}],"author":[{"embeddable":true,"href":"https:\/\/bluestrike.xyz\/index.php\/wp-json\/wp\/v2\/users\/1"}],"replies":[{"embeddable":true,"href":"https:\/\/bluestrike.xyz\/index.php\/wp-json\/wp\/v2\/comments?post=9"}],"version-history":[{"count":1,"href":"https:\/\/bluestrike.xyz\/index.php\/wp-json\/wp\/v2\/pages\/9\/revisions"}],"predecessor-version":[{"id":10,"href":"https:\/\/bluestrike.xyz\/index.php\/wp-json\/wp\/v2\/pages\/9\/revisions\/10"}],"wp:attachment":[{"href":"https:\/\/bluestrike.xyz\/index.php\/wp-json\/wp\/v2\/media?parent=9"}],"curies":[{"name":"wp","href":"https:\/\/api.w.org\/{rel}","templated":true}]}}